{"id":6809,"date":"2025-07-31T12:58:11","date_gmt":"2025-07-31T16:58:11","guid":{"rendered":"https:\/\/jpbarbo.com\/?page_id=6809"},"modified":"2025-07-31T15:21:14","modified_gmt":"2025-07-31T19:21:14","slug":"liste-alphabetique","status":"publish","type":"page","link":"https:\/\/jpbarbo.com\/?page_id=6809","title":{"rendered":"Liste alphab\u00e9tique"},"content":{"rendered":"<ul class=\"lcp_catlist\" id=\"lcp_instance_0\"><li><a href=\"https:\/\/jpbarbo.com\/?p=129\">3 brasseurs<\/a><\/li><li><a href=\"https:\/\/jpbarbo.com\/?p=6804\">473\/Chez Pauline<\/a><\/li><li><a href=\"https:\/\/jpbarbo.com\/?p=2769\">\u00c0 l&rsquo;abordage microbrasserie<\/a><\/li><li><a href=\"https:\/\/jpbarbo.com\/?p=11\">\u00c0 l&rsquo;abri de la temp\u00eate<\/a><\/li><li><a href=\"https:\/\/jpbarbo.com\/?p=4213\">\u00c0 la d\u00e9rive, brasserie artisanale<\/a><\/li><li><a href=\"https:\/\/jpbarbo.com\/?p=18\">\u00c0 la f\u00fbt, coop\u00e9rative de travailleurs<\/a><\/li><li><a href=\"https:\/\/jpbarbo.com\/?p=92\">Alchimiste microbrasserie (Vilains brasseurs \/ Broken 7)<\/a><\/li><li><a href=\"https:\/\/jpbarbo.com\/?p=2747\">Auberge Sutton Brou\u00ebrie<\/a><\/li><li><a href=\"https:\/\/jpbarbo.com\/?p=5909\">Aubier microbrasserie<\/a><\/li><li><a href=\"https:\/\/jpbarbo.com\/?p=4378\">Avant-garde artisans brasseurs \/ Bi\u00e8res Jukebox<\/a><\/li><li><a href=\"https:\/\/jpbarbo.com\/?p=2725\">Barbe broue pub<\/a><\/li><li><a href=\"https:\/\/jpbarbo.com\/?p=5142\">Beat &#038; betterave<\/a><\/li><li><a href=\"https:\/\/jpbarbo.com\/?p=3523\">Beauregard brasserie distillerie<\/a><\/li><li><a href=\"https:\/\/jpbarbo.com\/?p=1699\">Beaux-Pr\u00e9s Microbrasserie<\/a><\/li><li><a href=\"https:\/\/jpbarbo.com\/?p=24\">Bedondaine et bedons ronds<\/a><\/li><li><a href=\"https:\/\/jpbarbo.com\/?p=30\">BENELUX<\/a><\/li><li><a href=\"https:\/\/jpbarbo.com\/?p=5707\">Berc\u00e9e microbrasserie<\/a><\/li><li><a href=\"https:\/\/jpbarbo.com\/?p=6038\">Bi\u00e8rerie Shelton<\/a><\/li><li><a href=\"https:\/\/jpbarbo.com\/?p=5968\">Birra Fanelli<\/a><\/li><li><a href=\"https:\/\/jpbarbo.com\/?p=1787\">Bistro-brasserie Les soeurs grises<\/a><\/li><li><a href=\"https:\/\/jpbarbo.com\/?p=5335\">Bob Magnale artisans brasseurs<\/a><\/li><li><a href=\"https:\/\/jpbarbo.com\/?p=6708\">Bock\/Ale<\/a><\/li><li><a href=\"https:\/\/jpbarbo.com\/?p=35\">Boqu\u00e9bi\u00e8re<\/a><\/li><li><a href=\"https:\/\/jpbarbo.com\/?p=2859\">Boswell brasserie artisanale<\/a><\/li><li><a href=\"https:\/\/jpbarbo.com\/?p=6130\">Brass\u00e9 serr\u00e9 &#8211; brasseurs de villages (Le rucher boltonnois)<\/a><\/li><li><a href=\"https:\/\/jpbarbo.com\/?p=5954\">Brasserie Anorak broue pub<\/a><\/li><li><a href=\"https:\/\/jpbarbo.com\/?p=1553\">Brasserie artisanal le Saint-Graal<\/a><\/li><li><a href=\"https:\/\/jpbarbo.com\/?p=1377\">Brasserie artisanale Albion<\/a><\/li><li><a href=\"https:\/\/jpbarbo.com\/?p=5376\">Brasserie artisanale C\u00f4te \u00e0 Beausoleil<\/a><\/li><li><a href=\"https:\/\/jpbarbo.com\/?p=3652\">Brasserie artisanale Gallicus<\/a><\/li><li><a href=\"https:\/\/jpbarbo.com\/?p=5935\">Brasserie artisanale la pierre de f\u00e9e<\/a><\/li><li><a href=\"https:\/\/jpbarbo.com\/?p=3211\">Brasserie artisanale Maltstrom<\/a><\/li><li><a href=\"https:\/\/jpbarbo.com\/?p=6104\">Brasserie artisanale Memento<\/a><\/li><li><a href=\"https:\/\/jpbarbo.com\/?p=2743\">Brasserie Auval<\/a><\/li><li><a href=\"https:\/\/jpbarbo.com\/?p=5059\">Brasserie Ayawan<\/a><\/li><li><a href=\"https:\/\/jpbarbo.com\/?p=5123\">Brasserie Barabas<\/a><\/li><li><a href=\"https:\/\/jpbarbo.com\/?p=3366\">Brasserie d\u00e9pareill\u00e9e<\/a><\/li><li><a href=\"https:\/\/jpbarbo.com\/?p=4950\">Brasserie distillerie Wilsy<\/a><\/li><li><a href=\"https:\/\/jpbarbo.com\/?p=3573\">Brasserie du Bas-Canada<\/a><\/li><li><a href=\"https:\/\/jpbarbo.com\/?p=54\">Brasserie Dunham<\/a><\/li><li><a href=\"https:\/\/jpbarbo.com\/?p=3534\">Brasserie la ferme (Alea)<\/a><\/li><li><a href=\"https:\/\/jpbarbo.com\/?p=6760\">Brasserie Le Plongeon<\/a><\/li><li><a href=\"https:\/\/jpbarbo.com\/?p=5275\">Brasserie MacFerly<\/a><\/li><li><a href=\"https:\/\/jpbarbo.com\/?p=4381\">Brasserie MaltCo<\/a><\/li><li><a href=\"https:\/\/jpbarbo.com\/?p=48\">Brasserie McAuslan (Les brasseurs RJ)<\/a><\/li><li><a href=\"https:\/\/jpbarbo.com\/?p=3257\">Brasserie Mille \u00celes<\/a><\/li><li><a href=\"https:\/\/jpbarbo.com\/?p=6893\">Brasserie Mosaiek<\/a><\/li><li><a href=\"https:\/\/jpbarbo.com\/?p=5220\">Brasserie Port-Alfred<\/a><\/li><li><a href=\"https:\/\/jpbarbo.com\/?p=51\">Brasserie Saint-Antoine-Abb\u00e9<\/a><\/li><li><a href=\"https:\/\/jpbarbo.com\/?p=6723\">Brasserie San-\u00d4 Sak\u00e9<\/a><\/li><li><a href=\"https:\/\/jpbarbo.com\/?p=5044\">Brasserie Sir John Brewing co.<\/a><\/li><li><a href=\"https:\/\/jpbarbo.com\/?p=6847\">Brasserie Upsilon<\/a><\/li><li><a href=\"https:\/\/jpbarbo.com\/?p=6367\">Brasserie WILLS<\/a><\/li><li><a href=\"https:\/\/jpbarbo.com\/?p=6164\">Brasseur des monts<\/a><\/li><li><a href=\"https:\/\/jpbarbo.com\/?p=3594\">Brasseurs de la Capitale<\/a><\/li><li><a href=\"https:\/\/jpbarbo.com\/?p=98\">Brasseurs de la Capitale (INOX Grande-All\u00e9e)<\/a><\/li><li><a href=\"https:\/\/jpbarbo.com\/?p=6221\">Brasseurs des collines<\/a><\/li><li><a href=\"https:\/\/jpbarbo.com\/?p=45\">Brasseurs illimit\u00e9s (Simple malt brasseurs, Les brasseries B\u00eata)<\/a><\/li><li><a href=\"https:\/\/jpbarbo.com\/?p=57\">Brasseurs RJ (Les brasseurs GMT)<\/a><\/li><li><a href=\"https:\/\/jpbarbo.com\/?p=4939\">Brauwerk Hoffman<\/a><\/li><li><a href=\"https:\/\/jpbarbo.com\/?p=5027\">BreWskey Pub &#038; Taproom<\/a><\/li><li><a href=\"https:\/\/jpbarbo.com\/?p=6870\">Brio Microbrasseur<\/a><\/li><li><a href=\"https:\/\/jpbarbo.com\/?p=62\">Broadway microbrasserie<\/a><\/li><li><a href=\"https:\/\/jpbarbo.com\/?p=69\">Brutopia<\/a><\/li><li><a href=\"https:\/\/jpbarbo.com\/?p=6640\">Caf\u00e9 Coop Bal Maski &#8211; LaB Maski<\/a><\/li><li><a href=\"https:\/\/jpbarbo.com\/?p=3544\">Camp de base, brasserie artisanale<\/a><\/li><li><a href=\"https:\/\/jpbarbo.com\/?p=6857\">Caporal microbrasserie<\/a><\/li><li><a href=\"https:\/\/jpbarbo.com\/?p=2118\">Chelsea &#038; Co microbrasserie<\/a><\/li><li><a href=\"https:\/\/jpbarbo.com\/?p=3117\">Collectif brassicole ensemble (Boldwin \/ Des Cantons \/ BG &#8211; Brasserie urbaine)<\/a><\/li><li><a href=\"https:\/\/jpbarbo.com\/?p=75\">Corsaire microbrasserie<\/a><\/li><li><a href=\"https:\/\/jpbarbo.com\/?p=3252\">D\u00e9lires et d\u00e9lices<\/a><\/li><li><a href=\"https:\/\/jpbarbo.com\/?p=80\">Dieu du ciel !<\/a><\/li><li><a href=\"https:\/\/jpbarbo.com\/?p=3608\">Dispensaire de bi\u00e8re<\/a><\/li><li><a href=\"https:\/\/jpbarbo.com\/?p=6838\">Domaine Nokomis<\/a><\/li><li><a href=\"https:\/\/jpbarbo.com\/?p=6745\">Dragon Tha\u00ef<\/a><\/li><li><a href=\"https:\/\/jpbarbo.com\/?p=4326\">Emporium<\/a><\/li><li><a href=\"https:\/\/jpbarbo.com\/?p=6588\">Espace Amalgame (Brasserie L&rsquo;inconnue)<\/a><\/li><li><a href=\"https:\/\/jpbarbo.com\/?p=2125\">EtOH brasserie<\/a><\/li><li><a href=\"https:\/\/jpbarbo.com\/?p=6156\">EXP artisan brasseur<\/a><\/li><li><a href=\"https:\/\/jpbarbo.com\/?p=2168\">Farnham Ale &#038; Lager<\/a><\/li><li><a href=\"https:\/\/jpbarbo.com\/?p=6350\">Ferme brassicole Chasseur-cueilleur<\/a><\/li><li><a href=\"https:\/\/jpbarbo.com\/?p=83\">Ferme-brasserie Schoune<\/a><\/li><li><a href=\"https:\/\/jpbarbo.com\/?p=6913\">Floril\u00e8ge Microbrasserie<\/a><\/li><li><a href=\"https:\/\/jpbarbo.com\/?p=1650\">Frampton brasse<\/a><\/li><li><a href=\"https:\/\/jpbarbo.com\/?p=72\">Gambrinus<\/a><\/li><li><a href=\"https:\/\/jpbarbo.com\/?p=6278\">Gaspard brasserie artisanale<\/a><\/li><li><a href=\"https:\/\/jpbarbo.com\/?p=3299\">Grande all\u00e9e brasserie distillerie \/ Nord Star<\/a><\/li><li><a href=\"https:\/\/jpbarbo.com\/?p=1674\">Griendel: brasserie artisanale<\/a><\/li><li><a href=\"https:\/\/jpbarbo.com\/?p=120\">Groupe BEV (Bilboquet microbrasserie, Bil Pub, Station Agro-Biotech)<\/a><\/li><li><a href=\"https:\/\/jpbarbo.com\/?p=27\">Groupe Geloso (Mons Beer, Belgh brasse)<\/a><\/li><li><a href=\"https:\/\/jpbarbo.com\/?p=86\">HELM microbrasserie<\/a><\/li><li><a href=\"https:\/\/jpbarbo.com\/?p=6239\">Herman brasserie artisanale<\/a><\/li><li><a href=\"https:\/\/jpbarbo.com\/?p=6423\">Hopelay<\/a><\/li><li><a href=\"https:\/\/jpbarbo.com\/?p=2510\">HopEra<\/a><\/li><li><a href=\"https:\/\/jpbarbo.com\/?p=89\">Hopfenstark (Microbrasserie d&rsquo;Autray)<\/a><\/li><li><a href=\"https:\/\/jpbarbo.com\/?p=2608\">Isle de garde<\/a><\/li><li><a href=\"https:\/\/jpbarbo.com\/?p=5864\">Jackalhop.<\/a><\/li><li><a href=\"https:\/\/jpbarbo.com\/?p=3540\">Kahnawake Brewing Co.<\/a><\/li><li><a href=\"https:\/\/jpbarbo.com\/?p=3866\">L&rsquo;albatros brasserie artisanale<\/a><\/li><li><a href=\"https:\/\/jpbarbo.com\/?p=95\">L&rsquo;am\u00e8re \u00e0 boire<\/a><\/li><li><a href=\"https:\/\/jpbarbo.com\/?p=3321\">L&rsquo;ancienne banque (Old Bank Brewing Co.)<\/a><\/li><li><a href=\"https:\/\/jpbarbo.com\/?p=5032\">L&rsquo;apothicaire brasserie artisanale<\/a><\/li><li><a href=\"https:\/\/jpbarbo.com\/?p=5977\">L&rsquo;ardoise, coop\u00e9rative brassicole<\/a><\/li><li><a href=\"https:\/\/jpbarbo.com\/?p=5878\">L&rsquo;autre brasserie<\/a><\/li><li><a href=\"https:\/\/jpbarbo.com\/?p=1779\">L&rsquo;espace public, brasseurs de quartier<\/a><\/li><li><a href=\"https:\/\/jpbarbo.com\/?p=6346\">L\u2019\u00c9tale \u2014 restaurant et microbrasserie (Cidrerie et vergers Pedneault)<\/a><\/li><li><a href=\"https:\/\/jpbarbo.com\/?p=3270\">L\u2019octant microbrasserie<\/a><\/li><li><a href=\"https:\/\/jpbarbo.com\/?p=5117\">La baleine endiabl\u00e9e (Microbrasserie Kamouraska)<\/a><\/li><li><a href=\"https:\/\/jpbarbo.com\/?p=5696\">La belle aventure<\/a><\/li><li><a href=\"https:\/\/jpbarbo.com\/?p=2887\">La broue shop, brasserie artisanale<\/a><\/li><li><a href=\"https:\/\/jpbarbo.com\/?p=6031\">La chope Angus, coop\u00e9rative de solidarit\u00e9<\/a><\/li><li><a href=\"https:\/\/jpbarbo.com\/?p=103\">La chouape<\/a><\/li><li><a href=\"https:\/\/jpbarbo.com\/?p=6454\">La Cie Vilandr\u00e9<\/a><\/li><li><a href=\"https:\/\/jpbarbo.com\/?p=6586\">La compagnie de bi\u00e8res manigances &#8211; brasserie de quartier<\/a><\/li><li><a href=\"https:\/\/jpbarbo.com\/?p=5138\">La confr\u00e9rie artisans brasseurs &#8211; Windsor<\/a><\/li><li><a href=\"https:\/\/jpbarbo.com\/?p=2184\">La confr\u00e9rie microbrasserie<\/a><\/li><li><a href=\"https:\/\/jpbarbo.com\/?p=4978\">La contrebande<\/a><\/li><li><a href=\"https:\/\/jpbarbo.com\/?p=5949\">La crois\u00e9e des chemins<\/a><\/li><li><a href=\"https:\/\/jpbarbo.com\/?p=298\">La fabrique, brasserie artisanale (Coop\u00e9rative de travail le cabestan)<\/a><\/li><li><a href=\"https:\/\/jpbarbo.com\/?p=5010\">La ferme du tarieu<\/a><\/li><li><a href=\"https:\/\/jpbarbo.com\/?p=4206\">La grange pardue, ferme brassicole, coop\u00e9rative de travailleurs<\/a><\/li><li><a href=\"https:\/\/jpbarbo.com\/?p=6300\">La halte des crinqu\u00e9s<\/a><\/li><li><a href=\"https:\/\/jpbarbo.com\/?p=6907\">La Houblonnerie<\/a><\/li><li><a href=\"https:\/\/jpbarbo.com\/?p=5003\">La Knowlton Co.<\/a><\/li><li><a href=\"https:\/\/jpbarbo.com\/?p=1045\">La korrigane<\/a><\/li><li><a href=\"https:\/\/jpbarbo.com\/?p=5785\">La maison du brasseur<\/a><\/li><li><a href=\"https:\/\/jpbarbo.com\/?p=106\">La microbrasserie Archibald (AB-Inbev \/ Labatt)<\/a><\/li><li><a href=\"https:\/\/jpbarbo.com\/?p=109\">La microbrasserie du li\u00e8vre (Pub du terroir)<\/a><\/li><li><a href=\"https:\/\/jpbarbo.com\/?p=1135\">La microbrasserie la captive<\/a><\/li><li><a href=\"https:\/\/jpbarbo.com\/?p=6430\">La shop \u00e0 bi\u00e8res<\/a><\/li><li><a href=\"https:\/\/jpbarbo.com\/?p=5437\">La terre \u00e0 boire<\/a><\/li><li><a href=\"https:\/\/jpbarbo.com\/?p=6787\">La Tour \u00e0 Bi\u00e8res<\/a><\/li><li><a href=\"https:\/\/jpbarbo.com\/?p=115\">La voie malt\u00e9e (La microbrasserie du Saguenay)<\/a><\/li><li><a href=\"https:\/\/jpbarbo.com\/?p=6896\">Laccro Microbrasserie<\/a><\/li><li><a href=\"https:\/\/jpbarbo.com\/?p=1916\">Lagabi\u00e8re (Le tr\u00e8fle noir)<\/a><\/li><li><a href=\"https:\/\/jpbarbo.com\/?p=2660\">Le barrage &#8211; brasseurs<\/a><\/li><li><a href=\"https:\/\/jpbarbo.com\/?p=118\">Le bien, le malt<\/a><\/li><li><a href=\"https:\/\/jpbarbo.com\/?p=5915\">Le cheptel ferme brassicole<\/a><\/li><li><a href=\"https:\/\/jpbarbo.com\/?p=123\">Le cheval blanc<\/a><\/li><li><a href=\"https:\/\/jpbarbo.com\/?p=6117\">Le houblon sportif<\/a><\/li><li><a href=\"https:\/\/jpbarbo.com\/?p=4272\">Le ketch<\/a><\/li><li><a href=\"https:\/\/jpbarbo.com\/?p=2665\">Le Roquemont<\/a><\/li><li><a href=\"https:\/\/jpbarbo.com\/?p=5278\">Le Sage brasseur<\/a><\/li><li><a href=\"https:\/\/jpbarbo.com\/?p=126\">Le Saint-Bock brasserie artisanale (Le bazaar brasserie artisanale, MonsRegius)<\/a><\/li><li><a href=\"https:\/\/jpbarbo.com\/?p=6122\">Le Saint-Colomb<\/a><\/li><li><a href=\"https:\/\/jpbarbo.com\/?p=3438\">Le Saint-F\u00fbt microbrasserie coop\u00e9rative<\/a><\/li><li><a href=\"https:\/\/jpbarbo.com\/?p=39\">Le trou du diable &#8211; broue pub et restaurant, coop\u00e9rative de travailleurs<\/a><\/li><li><a href=\"https:\/\/jpbarbo.com\/?p=6362\">Le verger \u00e0 Ti-Paul &#8211; ferme brassicole cidrerie distillerie<\/a><\/li><li><a href=\"https:\/\/jpbarbo.com\/?p=6433\">LEFOL<\/a><\/li><li><a href=\"https:\/\/jpbarbo.com\/?p=6852\">Les bi\u00e8res Lobeva<\/a><\/li><li><a href=\"https:\/\/jpbarbo.com\/?p=2341\">Les brasseurs de Montebello<\/a><\/li><li><a href=\"https:\/\/jpbarbo.com\/?p=217\">Les brasseurs de West Shefford<\/a><\/li><li><a href=\"https:\/\/jpbarbo.com\/?p=143\">Les brasseurs du Nord (Bor\u00e9ale, Sober Carpenter)<\/a><\/li><li><a href=\"https:\/\/jpbarbo.com\/?p=4302\">Les insulaires<\/a><\/li><li><a href=\"https:\/\/jpbarbo.com\/?p=3471\">Les Sans-Taverne, Coop la robine de bois<\/a><\/li><li><a href=\"https:\/\/jpbarbo.com\/?p=149\">Les trois mousquetaires<\/a><\/li><li><a href=\"https:\/\/jpbarbo.com\/?p=3444\">Livingstone Brewing Company<\/a><\/li><li><a href=\"https:\/\/jpbarbo.com\/?p=2579\">Macallen Farm Brewery<\/a><\/li><li><a href=\"https:\/\/jpbarbo.com\/?p=6590\">Mariana brasserie et distillerie<\/a><\/li><li><a href=\"https:\/\/jpbarbo.com\/?p=6370\">Matera brasseurs<\/a><\/li><li><a href=\"https:\/\/jpbarbo.com\/?p=5700\">Mell\u00f6n<\/a><\/li><li><a href=\"https:\/\/jpbarbo.com\/?p=3586\">Menaud distillerie &#038; brasserie de Charlevoix<\/a><\/li><li><a href=\"https:\/\/jpbarbo.com\/?p=5012\">Messorem Bracitorium<\/a><\/li><li><a href=\"https:\/\/jpbarbo.com\/?p=158\">Micro brasserie Pit Caribou<\/a><\/li><li><a href=\"https:\/\/jpbarbo.com\/?p=161\">Micro-brasserie Brouemont<\/a><\/li><li><a href=\"https:\/\/jpbarbo.com\/?p=5056\">Micro-brasserie l&rsquo;ent\u00eat\u00e9<\/a><\/li><li><a href=\"https:\/\/jpbarbo.com\/?p=164\">Micro-brasserie la mare au diable<\/a><\/li><li><a href=\"https:\/\/jpbarbo.com\/?p=3550\">Micro-brasserie Ross Stall (Vignoble Kobloth &#038; Fils inc.)<\/a><\/li><li><a href=\"https:\/\/jpbarbo.com\/?p=3139\">Microbrasserie 4 origines<\/a><\/li><li><a href=\"https:\/\/jpbarbo.com\/?p=5172\">Microbrasserie 5e baron<\/a><\/li><li><a href=\"https:\/\/jpbarbo.com\/?p=3424\">Microbrasserie au Frontibus<\/a><\/li><li><a href=\"https:\/\/jpbarbo.com\/?p=1626\">Microbrasserie aux fous brassants<\/a><\/li><li><a href=\"https:\/\/jpbarbo.com\/?p=3230\">Microbrasserie Brouemalt<\/a><\/li><li><a href=\"https:\/\/jpbarbo.com\/?p=6042\">Microbrasserie Brouhaha<\/a><\/li><li><a href=\"https:\/\/jpbarbo.com\/?p=5411\">Microbrasserie Cardinal<\/a><\/li><li><a href=\"https:\/\/jpbarbo.com\/?p=169\">Microbrasserie Charlevoix (Le Saint-Pub)<\/a><\/li><li><a href=\"https:\/\/jpbarbo.com\/?p=2041\">Microbrasserie Coaticook<\/a><\/li><li><a href=\"https:\/\/jpbarbo.com\/?p=3389\">Microbrasserie C\u00f4te-du-Sud<\/a><\/li><li><a href=\"https:\/\/jpbarbo.com\/?p=2131\">Microbrasserie de Bellechasse, coop\u00e9rative de solidarit\u00e9 (Pub de la contr\u00e9e)<\/a><\/li><li><a href=\"https:\/\/jpbarbo.com\/?p=173\">Microbrasserie de l&rsquo;\u00cele d&rsquo;Orl\u00e9ans (Pub le mitan, Brasserie Haacht)<\/a><\/li><li><a href=\"https:\/\/jpbarbo.com\/?p=2752\">Microbrasserie de Tadoussac<\/a><\/li><li><a href=\"https:\/\/jpbarbo.com\/?p=5368\">Microbrasserie des haldes<\/a><\/li><li><a href=\"https:\/\/jpbarbo.com\/?p=3198\">Microbrasserie Domaine Berthiaume<\/a><\/li><li><a href=\"https:\/\/jpbarbo.com\/?p=176\">Microbrasserie du Lac-Saint-Jean<\/a><\/li><li><a href=\"https:\/\/jpbarbo.com\/?p=6132\">Microbrasserie du pavillon noir<\/a><\/li><li><a href=\"https:\/\/jpbarbo.com\/?p=6334\">Microbrasserie du Taureau<\/a><\/li><li><a href=\"https:\/\/jpbarbo.com\/?p=6329\">Microbrasserie du vieux canal<\/a><\/li><li><a href=\"https:\/\/jpbarbo.com\/?p=6142\">Microbrasserie \u00e9quinoxe<\/a><\/li><li><a href=\"https:\/\/jpbarbo.com\/?p=6135\">Microbrasserie Etchemin<\/a><\/li><li><a href=\"https:\/\/jpbarbo.com\/?p=3227\">Microbrasserie Folklore<\/a><\/li><li><a href=\"https:\/\/jpbarbo.com\/?p=5256\">Microbrasserie Hop Station<\/a><\/li><li><a href=\"https:\/\/jpbarbo.com\/?p=2719\">Microbrasserie Kapadokya<\/a><\/li><li><a href=\"https:\/\/jpbarbo.com\/?p=2693\">Microbrasserie L&rsquo;esprit de clochers<\/a><\/li><li><a href=\"https:\/\/jpbarbo.com\/?p=2133\">Microbrasserie l&rsquo;hermite<\/a><\/li><li><a href=\"https:\/\/jpbarbo.com\/?p=6036\">Microbrasserie l&rsquo;ironie du 13<\/a><\/li><li><a href=\"https:\/\/jpbarbo.com\/?p=6636\">Microbrasserie l&rsquo;ours brun<\/a><\/li><li><a href=\"https:\/\/jpbarbo.com\/?p=179\">Microbrasserie la barberie, coop\u00e9rative de travailleurs<\/a><\/li><li><a href=\"https:\/\/jpbarbo.com\/?p=1884\">Microbrasserie la bo\u00eete \u00e0 malt<\/a><\/li><li><a href=\"https:\/\/jpbarbo.com\/?p=6592\">Microbrasserie La Broue Barn<\/a><\/li><li><a href=\"https:\/\/jpbarbo.com\/?p=5041\">Microbrasserie la centrale<\/a><\/li><li><a href=\"https:\/\/jpbarbo.com\/?p=6064\">Microbrasserie la chasse gard\u00e9e<\/a><\/li><li><a href=\"https:\/\/jpbarbo.com\/?p=2004\">Microbrasserie la chasse-pinte, coop\u00e9rative de travailleurs<\/a><\/li><li><a href=\"https:\/\/jpbarbo.com\/?p=2344\">Microbrasserie la compagnie<\/a><\/li><li><a href=\"https:\/\/jpbarbo.com\/?p=182\">Microbrasserie la diable<\/a><\/li><li><a href=\"https:\/\/jpbarbo.com\/?p=3290\">Microbrasserie la forge du malt<\/a><\/li><li><a href=\"https:\/\/jpbarbo.com\/?p=4969\">Microbrasserie la fosse<\/a><\/li><li><a href=\"https:\/\/jpbarbo.com\/?p=3200\">Microbrasserie la garnison<\/a><\/li><li><a href=\"https:\/\/jpbarbo.com\/?p=185\">Microbrasserie la Memphr\u00e9<\/a><\/li><li><a href=\"https:\/\/jpbarbo.com\/?p=2732\">Microbrasserie la p\u00e9cheresse<\/a><\/li><li><a href=\"https:\/\/jpbarbo.com\/?p=5134\">Microbrasserie La shed<\/a><\/li><li><a href=\"https:\/\/jpbarbo.com\/?p=1858\">Microbrasserie La souche<\/a><\/li><li><a href=\"https:\/\/jpbarbo.com\/?p=3590\">Microbrasserie la veill\u00e9e<\/a><\/li><li><a href=\"https:\/\/jpbarbo.com\/?p=1756\">Microbrasserie Le castor<\/a><\/li><li><a href=\"https:\/\/jpbarbo.com\/?p=1744\">Microbrasserie Le coureur des bois<\/a><\/li><li><a href=\"https:\/\/jpbarbo.com\/?p=3430\">Microbrasserie le fermentor<\/a><\/li><li><a href=\"https:\/\/jpbarbo.com\/?p=5326\">Microbrasserie le garage<\/a><\/li><li><a href=\"https:\/\/jpbarbo.com\/?p=188\">Microbrasserie Le grimoire<\/a><\/li><li><a href=\"https:\/\/jpbarbo.com\/?p=2536\">Microbrasserie le Malbord<\/a><\/li><li><a href=\"https:\/\/jpbarbo.com\/?p=6262\">Microbrasserie le malthalois<\/a><\/li><li><a href=\"https:\/\/jpbarbo.com\/?p=167\">Microbrasserie le naufrageur<\/a><\/li><li><a href=\"https:\/\/jpbarbo.com\/?p=3247\">Microbrasserie le presbyt\u00e8re<\/a><\/li><li><a href=\"https:\/\/jpbarbo.com\/?p=2262\">Microbrasserie le prospecteur<\/a><\/li><li><a href=\"https:\/\/jpbarbo.com\/?p=2885\">Microbrasserie le secret des dieux<\/a><\/li><li><a href=\"https:\/\/jpbarbo.com\/?p=2182\">Microbrasserie le temps d&rsquo;une pinte, coop\u00e9rative de travailleurs<\/a><\/li><li><a href=\"https:\/\/jpbarbo.com\/?p=2144\">Microbrasserie les grands bois, coop\u00e9rative de travailleurs<\/a><\/li><li><a href=\"https:\/\/jpbarbo.com\/?p=2739\">Microbrasserie Lion bleu<\/a><\/li><li><a href=\"https:\/\/jpbarbo.com\/?p=5424\">Microbrasserie Locomotiv<\/a><\/li><li><a href=\"https:\/\/jpbarbo.com\/?p=6731\">Microbrasserie Loup-Garou<\/a><\/li><li><a href=\"https:\/\/jpbarbo.com\/?p=6072\">Microbrasserie Madawaska<\/a><\/li><li><a href=\"https:\/\/jpbarbo.com\/?p=5835\">Microbrasserie Ma\u00eetre Renard<\/a><\/li><li><a href=\"https:\/\/jpbarbo.com\/?p=2568\">Microbrasserie moulin 7<\/a><\/li><li><a href=\"https:\/\/jpbarbo.com\/?p=5406\">Microbrasserie Muto\u00efde<\/a><\/li><li><a href=\"https:\/\/jpbarbo.com\/?p=132\">Microbrasserie Nouvelle-France (H\u00e9lix &#8211; bi\u00e8res sans gluten)<\/a><\/li><li><a href=\"https:\/\/jpbarbo.com\/?p=2862\">Microbrasserie Riverbend<\/a><\/li><li><a href=\"https:\/\/jpbarbo.com\/?p=5782\">Microbrasserie Route 8 (Cabane \u00e0 sucre Constantin)<\/a><\/li><li><a href=\"https:\/\/jpbarbo.com\/?p=3605\">Microbrasserie Ruisseau noir<\/a><\/li><li><a href=\"https:\/\/jpbarbo.com\/?p=3446\">Microbrasserie Saint-Honor\u00e9 (Pub le laser)<\/a><\/li><li><a href=\"https:\/\/jpbarbo.com\/?p=194\">Microbrasserie Siboire (Groupe Cambio)<\/a><\/li><li><a href=\"https:\/\/jpbarbo.com\/?p=2171\">Microbrasserie St-Pancrace<\/a><\/li><li><a href=\"https:\/\/jpbarbo.com\/?p=3601\">Microbrasserie trois lacs<\/a><\/li><li><a href=\"https:\/\/jpbarbo.com\/?p=3570\">Microbrasserie trou du diable, Shop Wabasso (Molson-Coors, Six Pints)<\/a><\/li><li><a href=\"https:\/\/jpbarbo.com\/?p=5974\">Microbrasserie Wick Station<\/a><\/li><li><a href=\"https:\/\/jpbarbo.com\/?p=6662\">Miel Nature<\/a><\/li><li><a href=\"https:\/\/jpbarbo.com\/?p=197\">Multi-brasses<\/a><\/li><li><a href=\"https:\/\/jpbarbo.com\/?p=5180\">Mycobrasserie de Chapeau les bois<\/a><\/li><li><a href=\"https:\/\/jpbarbo.com\/?p=6235\">Nano cinco &#8211; brasserie artisanale<\/a><\/li><li><a href=\"https:\/\/jpbarbo.com\/?p=3611\">Nano-brasserie brett &#038; sauvage<\/a><\/li><li><a href=\"https:\/\/jpbarbo.com\/?p=2772\">Noctem artisans brasseurs<\/a><\/li><li><a href=\"https:\/\/jpbarbo.com\/?p=1994\">Noire et blanche microbrasserie<\/a><\/li><li><a href=\"https:\/\/jpbarbo.com\/?p=3224\">\u00d4 Quai des brasseurs microbrasserie<\/a><\/li><li><a href=\"https:\/\/jpbarbo.com\/?p=6714\">Octave microbrasserie<\/a><\/li><li><a href=\"https:\/\/jpbarbo.com\/?p=5267\">Oxymore &#8211; microbrasserie<\/a><\/li><li><a href=\"https:\/\/jpbarbo.com\/?p=6211\">Perodam microbrasserie solidaire<\/a><\/li><li><a href=\"https:\/\/jpbarbo.com\/?p=4943\">Perspective microbrasserie<\/a><\/li><li><a href=\"https:\/\/jpbarbo.com\/?p=3268\">Pie braque microbrasserie, coop\u00e9rative de travailleurs<\/a><\/li><li><a href=\"https:\/\/jpbarbo.com\/?p=5403\">Projet pilote (Distillerie Otis)<\/a><\/li><li><a href=\"https:\/\/jpbarbo.com\/?p=6831\">Pub irlandais Chez Murphy&rsquo;s<\/a><\/li><li><a href=\"https:\/\/jpbarbo.com\/?p=6829\">Pub Saint-Alexandre<\/a><\/li><li><a href=\"https:\/\/jpbarbo.com\/?p=6882\">Pub Saint-Arnould<\/a><\/li><li><a href=\"https:\/\/jpbarbo.com\/?p=6911\">Puyjalon &#8211; Brasserie &#038; Distillerie<\/a><\/li><li><a href=\"https:\/\/jpbarbo.com\/?p=6357\">Racine Microbrasserie<\/a><\/li><li><a href=\"https:\/\/jpbarbo.com\/?p=2662\">Ras l&rsquo;bock artisans brasseurs<\/a><\/li><li><a href=\"https:\/\/jpbarbo.com\/?p=2255\">Refuge des brasseurs<\/a><\/li><li><a href=\"https:\/\/jpbarbo.com\/?p=200\">R\u00e9servoir<\/a><\/li><li><a href=\"https:\/\/jpbarbo.com\/?p=3418\">Robin &#8211; bi\u00e8re naturelle<\/a><\/li><li><a href=\"https:\/\/jpbarbo.com\/?p=4260\">Shawbridge &#8211; microbrasserie et charcuteries<\/a><\/li><li><a href=\"https:\/\/jpbarbo.com\/?p=5208\">Silo &#8211; brasserie Montr\u00e9al<\/a><\/li><li><a href=\"https:\/\/jpbarbo.com\/?p=5048\">SNO microbrasserie (Cour arri\u00e8re de Qu\u00e9bec)<\/a><\/li><li><a href=\"https:\/\/jpbarbo.com\/?p=1652\">Soci\u00e9t\u00e9 microbrasserie<\/a><\/li><li><a href=\"https:\/\/jpbarbo.com\/?p=6034\">St-HuBi\u00e8re microbrasserie<\/a><\/li><li><a href=\"https:\/\/jpbarbo.com\/?p=2094\">T\u00eate d&rsquo;allumette<\/a><\/li><li><a href=\"https:\/\/jpbarbo.com\/?p=205\">The Golden Lion Pub (Brasserie le lion d&rsquo;or)<\/a><\/li><li><a href=\"https:\/\/jpbarbo.com\/?p=5400\">Tolt\u00e8k brasseur artisan<\/a><\/li><li><a href=\"https:\/\/jpbarbo.com\/?p=3548\">Tr\u00e9carr\u00e9 microbrasserie<\/a><\/li><li><a href=\"https:\/\/jpbarbo.com\/?p=6054\">Uncle Broue (La p&rsquo;tite cabane d&rsquo;la c\u00f4te)<\/a><\/li><li><a href=\"https:\/\/jpbarbo.com\/?p=208\">Unibroue (Sleeman, Sapporo)<\/a><\/li><li><a href=\"https:\/\/jpbarbo.com\/?p=6655\">Usine-\u00e9cole Siboire de l&rsquo;Universit\u00e9 de Sherbrooke<\/a><\/li><li><a href=\"https:\/\/jpbarbo.com\/?p=6137\">Verso microbrasserie<\/a><\/li><\/ul>\n","protected":false},"excerpt":{"rendered":"","protected":false},"author":1,"featured_media":0,"parent":0,"menu_order":0,"comment_status":"closed","ping_status":"closed","template":"","meta":{"_lmt_disableupdate":"no","_lmt_disable":"","footnotes":""},"class_list":["post-6809","page","type-page","status-publish","hentry","entry"],"_links":{"self":[{"href":"https:\/\/jpbarbo.com\/index.php?rest_route=\/wp\/v2\/pages\/6809","targetHints":{"allow":["GET"]}}],"collection":[{"href":"https:\/\/jpbarbo.com\/index.php?rest_route=\/wp\/v2\/pages"}],"about":[{"href":"https:\/\/jpbarbo.com\/index.php?rest_route=\/wp\/v2\/types\/page"}],"author":[{"embeddable":true,"href":"https:\/\/jpbarbo.com\/index.php?rest_route=\/wp\/v2\/users\/1"}],"replies":[{"embeddable":true,"href":"https:\/\/jpbarbo.com\/index.php?rest_route=%2Fwp%2Fv2%2Fcomments&post=6809"}],"version-history":[{"count":17,"href":"https:\/\/jpbarbo.com\/index.php?rest_route=\/wp\/v2\/pages\/6809\/revisions"}],"predecessor-version":[{"id":6827,"href":"https:\/\/jpbarbo.com\/index.php?rest_route=\/wp\/v2\/pages\/6809\/revisions\/6827"}],"wp:attachment":[{"href":"https:\/\/jpbarbo.com\/index.php?rest_route=%2Fwp%2Fv2%2Fmedia&parent=6809"}],"curies":[{"name":"wp","href":"https:\/\/api.w.org\/{rel}","templated":true}]}}